{"id":5262,"date":"2019-08-20T15:42:44","date_gmt":"2019-08-20T13:42:44","guid":{"rendered":"https:\/\/divan.cz\/?page_id=5262"},"modified":"2025-07-24T10:03:00","modified_gmt":"2025-07-24T08:03:00","slug":"contact","status":"publish","type":"page","link":"https:\/\/divan.cz\/en\/contact\/","title":{"rendered":"Contact"},"content":{"rendered":"<h3>CHIEF DESIGNER<\/h3>\n<p>Prof. Doc. M. A. Ivan Dlaba\u010d<br \/>\nivan@divan.cz<br \/>\n+420&nbsp;604&nbsp;789&nbsp;866<\/p>\n<div class=\"in-empty\"><\/div>\n<h3>BUSINESS DEVELOPMENT &amp; MARKETING<\/h3>\n<p>Ing. Radim Tu\u010dek<br \/>\nradim.tucek@divan.cz<br \/>\n+420&nbsp;734&nbsp;422&nbsp;405<\/p>\n<div class=\"in-empty\"><\/div>\n<h3>BILLING INFORMATION<\/h3>\n<p>DIVAN DESIGN, s.r.o.<br \/>\nD\u011blnick\u00e1 1272\/53<br \/>\n170&nbsp;00 Praha 7<br \/>\n\u010cesk\u00e1 republika<\/p>\n<p>I\u010cO: 27118223<br \/>\nDI\u010c: CZ27118223<\/p>\n","protected":false},"excerpt":{"rendered":"<p>CHIEF DESIGNER Prof. Doc. M. A. Ivan Dlaba\u010d ivan@divan.cz +420&nbsp;604&nbsp;789&nbsp;866 BUSINESS DEVELOPMENT &amp; MARKETING Ing. Radim Tu\u010dek radim.tucek@divan.cz +420&nbsp;734&nbsp;422&nbsp;405 BILLING INFORMATION DIVAN DESIGN, s.r.o. D\u011blnick\u00e1 1272\/53&nbsp;170&nbsp;00 Praha 7 \u010cesk\u00e1 republika I\u010cO: 27118223 DI\u010c: CZ27118223<\/p>\n","protected":false},"author":3,"featured_media":0,"parent":0,"menu_order":0,"comment_status":"closed","ping_status":"closed","template":"page-kontakt.php","meta":{"_acf_changed":false,"footnotes":""},"class_list":["post-5262","page","type-page","status-publish","hentry"],"acf":[],"_links":{"self":[{"href":"https:\/\/divan.cz\/en\/wp-json\/wp\/v2\/pages\/5262","targetHints":{"allow":["GET"]}}],"collection":[{"href":"https:\/\/divan.cz\/en\/wp-json\/wp\/v2\/pages"}],"about":[{"href":"https:\/\/divan.cz\/en\/wp-json\/wp\/v2\/types\/page"}],"author":[{"embeddable":true,"href":"https:\/\/divan.cz\/en\/wp-json\/wp\/v2\/users\/3"}],"replies":[{"embeddable":true,"href":"https:\/\/divan.cz\/en\/wp-json\/wp\/v2\/comments?post=5262"}],"version-history":[{"count":19,"href":"https:\/\/divan.cz\/en\/wp-json\/wp\/v2\/pages\/5262\/revisions"}],"predecessor-version":[{"id":7803,"href":"https:\/\/divan.cz\/en\/wp-json\/wp\/v2\/pages\/5262\/revisions\/7803"}],"wp:attachment":[{"href":"https:\/\/divan.cz\/en\/wp-json\/wp\/v2\/media?parent=5262"}],"curies":[{"name":"wp","href":"https:\/\/api.w.org\/{rel}","templated":true}]}}